{"id":13,"date":"2019-05-24T07:52:49","date_gmt":"2019-05-24T07:52:49","guid":{"rendered":"http:\/\/programabarrestaurante.com\/?page_id=13"},"modified":"2019-05-24T08:21:36","modified_gmt":"2019-05-24T08:21:36","slug":"detalles","status":"publish","type":"page","link":"https:\/\/programabarrestaurante.com\/?page_id=13","title":{"rendered":"Detalles"},"content":{"rendered":"\t\t<div data-elementor-type=\"wp-post\" data-elementor-id=\"13\" class=\"elementor elementor-13\">\n\t\t\t\t\t\t<section class=\"elementor-section elementor-top-section elementor-element elementor-element-a61c943 elementor-section-boxed elementor-section-height-default elementor-section-height-default\" data-id=\"a61c943\" data-element_type=\"section\" data-e-type=\"section\">\n\t\t\t\t\t\t<div class=\"elementor-container elementor-column-gap-default\">\n\t\t\t\t\t<div class=\"elementor-column elementor-col-100 elementor-top-column elementor-element elementor-element-25b1ff5\" data-id=\"25b1ff5\" data-element_type=\"column\" data-e-type=\"column\">\n\t\t\t<div class=\"elementor-widget-wrap elementor-element-populated\">\n\t\t\t\t\t\t<div class=\"elementor-element elementor-element-17f9c12 elementor-widget elementor-widget-text-editor\" data-id=\"17f9c12\" data-element_type=\"widget\" data-e-type=\"widget\" data-widget_type=\"text-editor.default\">\n\t\t\t\t<div class=\"elementor-widget-container\">\n\t\t\t\t\t\t\t\t\t<h4>TPV Hosteleria para bar y restaurante.<\/h4><p>Doscar Bar Restaurante es el programa n\u00famero 1 para hosteler\u00eda. Es f\u00e1cil de manejar y sencillo para cualquier negocio.<\/p><ul><li>Apertura de turnos y control de camareros.<\/li><li>Control de apertura de caja.<\/li><li>Teclado t\u00e1ctil.<\/li><li>Organizaci\u00f3n de los art\u00edculos por familia.<\/li><li>Creaci\u00f3n de m\u00faltiples empresas con una misma licencia.<\/li><li>Creaci\u00f3n y modificaci\u00f3n de art\u00edculos.<\/li><li>Env\u00edo de SMS a los clientes.<\/li><\/ul><h4>Permite todo tipo de tareas de gesti\u00f3n.<\/h4><p>Doscar Hosteler\u00eda posee una serie de funciones de gesti\u00f3n y administraci\u00f3n que har\u00e1n que las tareas resulten mucho m\u00e1s f\u00e1ciles.<\/p><ul><li>Control de Stock de los productos.<\/li><li>Control de presencia y de horarios.<\/li><li>Genera etiquetas de impresi\u00f3n con c\u00f3digo de barras.<\/li><li>Presupuestos, proforma, albaranes y facturas de compra y venta<\/li><li>Exportaci\u00f3n de listados e informes a excel, pdf y word.<\/li><li>Env\u00edo de informes en pdf por email.<\/li><\/ul>\t\t\t\t\t\t\t\t<\/div>\n\t\t\t\t<\/div>\n\t\t\t\t\t<\/div>\n\t\t<\/div>\n\t\t\t\t\t<\/div>\n\t\t<\/section>\n\t\t\t\t<\/div>\n\t\t","protected":false},"excerpt":{"rendered":"<p>TPV Hosteleria para bar y restaurante. Doscar Bar Restaurante es el programa n\u00famero 1 para hosteler\u00eda. Es f\u00e1cil de manejar y sencillo para cualquier negocio. Apertura de turnos y control de camareros. Control de apertura de caja. Teclado t\u00e1ctil. Organizaci\u00f3n de los art\u00edculos por familia. Creaci\u00f3n de m\u00faltiples empresas con una misma licencia. Creaci\u00f3n y &hellip; <a href=\"https:\/\/programabarrestaurante.com\/?page_id=13\" class=\"more-link\">Seguir leyendo <span class=\"screen-reader-text\">Detalles<\/span> <span class=\"meta-nav\">&rarr;<\/span><\/a><\/p>\n","protected":false},"author":2,"featured_media":0,"parent":0,"menu_order":2,"comment_status":"closed","ping_status":"closed","template":"","meta":{"footnotes":""},"class_list":["post-13","page","type-page","status-publish","hentry"],"_links":{"self":[{"href":"https:\/\/programabarrestaurante.com\/index.php?rest_route=\/wp\/v2\/pages\/13","targetHints":{"allow":["GET"]}}],"collection":[{"href":"https:\/\/programabarrestaurante.com\/index.php?rest_route=\/wp\/v2\/pages"}],"about":[{"href":"https:\/\/programabarrestaurante.com\/index.php?rest_route=\/wp\/v2\/types\/page"}],"author":[{"embeddable":true,"href":"https:\/\/programabarrestaurante.com\/index.php?rest_route=\/wp\/v2\/users\/2"}],"replies":[{"embeddable":true,"href":"https:\/\/programabarrestaurante.com\/index.php?rest_route=%2Fwp%2Fv2%2Fcomments&post=13"}],"version-history":[{"count":2,"href":"https:\/\/programabarrestaurante.com\/index.php?rest_route=\/wp\/v2\/pages\/13\/revisions"}],"predecessor-version":[{"id":21,"href":"https:\/\/programabarrestaurante.com\/index.php?rest_route=\/wp\/v2\/pages\/13\/revisions\/21"}],"wp:attachment":[{"href":"https:\/\/programabarrestaurante.com\/index.php?rest_route=%2Fwp%2Fv2%2Fmedia&parent=13"}],"curies":[{"name":"wp","href":"https:\/\/api.w.org\/{rel}","templated":true}]}}