{"id":18,"date":"2019-05-24T07:53:35","date_gmt":"2019-05-24T07:53:35","guid":{"rendered":"http:\/\/programabarrestaurante.com\/?page_id=18"},"modified":"2019-05-24T09:07:52","modified_gmt":"2019-05-24T09:07:52","slug":"soporte","status":"publish","type":"page","link":"https:\/\/programabarrestaurante.com\/?page_id=18","title":{"rendered":"Soporte"},"content":{"rendered":"\t\t<div data-elementor-type=\"wp-post\" data-elementor-id=\"18\" class=\"elementor elementor-18\">\n\t\t\t\t\t\t<section class=\"elementor-section elementor-top-section elementor-element elementor-element-c96dfcd elementor-section-boxed elementor-section-height-default elementor-section-height-default\" data-id=\"c96dfcd\" data-element_type=\"section\" data-e-type=\"section\">\n\t\t\t\t\t\t<div class=\"elementor-container elementor-column-gap-default\">\n\t\t\t\t\t<div class=\"elementor-column elementor-col-100 elementor-top-column elementor-element elementor-element-5071a94\" data-id=\"5071a94\" data-element_type=\"column\" data-e-type=\"column\">\n\t\t\t<div class=\"elementor-widget-wrap elementor-element-populated\">\n\t\t\t\t\t\t<div class=\"elementor-element elementor-element-e7f850f elementor-widget elementor-widget-text-editor\" data-id=\"e7f850f\" data-element_type=\"widget\" data-e-type=\"widget\" data-widget_type=\"text-editor.default\">\n\t\t\t\t<div class=\"elementor-widget-container\">\n\t\t\t\t\t\t\t\t\t<h4>Doscar dispone del mejor soporte.<\/h4><p>Doscar dispone de un soporte remoto completo, para incidencias y asistencia t\u00e9cnica. Adem\u00e1s, incluye un soporte para las actualizaciones, para ir siempre al d\u00eda y tener la \u00faltima versi\u00f3n del programa.<\/p><h4>Horario de soporte de invierno.<\/h4><p>De lunes a viernes de 9:00 a 15:00 y 16:30 a 18:00.<\/p><h4>Horario de soporte de invierno.<\/h4><div>De lunes a viernes de 9:00 a 15:00<\/div><h4>Tel\u00e9fonos de contacto.<\/h4><ul><li>+34 902 885 924\u00a0 &#8211;\u00a0 Tel\u00e9fono de Contacto<\/li><li>+34 924 229 230\u00a0 &#8211;\u00a0 Atenci\u00f3n al cliente<\/li><li>+34 924 982 123\u00a0 &#8211;\u00a0 Soporte T\u00e9cnico<\/li><li>\u00a0 \u00a0 \u00a0 \u00a0 807 511 264\u00a0 &#8211;\u00a0 Atenci\u00f3n 24 horas<\/li><\/ul><div>M\u00e1s informaci\u00f3n en\u00a0<a href=\"https:\/\/www.doscar.com\/\">https:\/\/www.doscar.com\/<\/a><\/div>\t\t\t\t\t\t\t\t<\/div>\n\t\t\t\t<\/div>\n\t\t\t\t\t<\/div>\n\t\t<\/div>\n\t\t\t\t\t<\/div>\n\t\t<\/section>\n\t\t\t\t<\/div>\n\t\t","protected":false},"excerpt":{"rendered":"<p>Doscar dispone del mejor soporte. Doscar dispone de un soporte remoto completo, para incidencias y asistencia t\u00e9cnica. Adem\u00e1s, incluye un soporte para las actualizaciones, para ir siempre al d\u00eda y tener la \u00faltima versi\u00f3n del programa. Horario de soporte de invierno. De lunes a viernes de 9:00 a 15:00 y 16:30 a 18:00. Horario de &hellip; <a href=\"https:\/\/programabarrestaurante.com\/?page_id=18\" class=\"more-link\">Seguir leyendo <span class=\"screen-reader-text\">Soporte<\/span> <span class=\"meta-nav\">&rarr;<\/span><\/a><\/p>\n","protected":false},"author":2,"featured_media":0,"parent":0,"menu_order":4,"comment_status":"closed","ping_status":"closed","template":"","meta":{"footnotes":""},"class_list":["post-18","page","type-page","status-publish","hentry"],"_links":{"self":[{"href":"https:\/\/programabarrestaurante.com\/index.php?rest_route=\/wp\/v2\/pages\/18","targetHints":{"allow":["GET"]}}],"collection":[{"href":"https:\/\/programabarrestaurante.com\/index.php?rest_route=\/wp\/v2\/pages"}],"about":[{"href":"https:\/\/programabarrestaurante.com\/index.php?rest_route=\/wp\/v2\/types\/page"}],"author":[{"embeddable":true,"href":"https:\/\/programabarrestaurante.com\/index.php?rest_route=\/wp\/v2\/users\/2"}],"replies":[{"embeddable":true,"href":"https:\/\/programabarrestaurante.com\/index.php?rest_route=%2Fwp%2Fv2%2Fcomments&post=18"}],"version-history":[{"count":3,"href":"https:\/\/programabarrestaurante.com\/index.php?rest_route=\/wp\/v2\/pages\/18\/revisions"}],"predecessor-version":[{"id":30,"href":"https:\/\/programabarrestaurante.com\/index.php?rest_route=\/wp\/v2\/pages\/18\/revisions\/30"}],"wp:attachment":[{"href":"https:\/\/programabarrestaurante.com\/index.php?rest_route=%2Fwp%2Fv2%2Fmedia&parent=18"}],"curies":[{"name":"wp","href":"https:\/\/api.w.org\/{rel}","templated":true}]}}