{"id":40,"date":"2019-05-24T11:05:59","date_gmt":"2019-05-24T11:05:59","guid":{"rendered":"http:\/\/programabarrestaurante.com\/?page_id=40"},"modified":"2019-05-24T11:14:46","modified_gmt":"2019-05-24T11:14:46","slug":"politica-de-cookies","status":"publish","type":"page","link":"https:\/\/programabarrestaurante.com\/?page_id=40","title":{"rendered":"Pol\u00edtica de cookies"},"content":{"rendered":"\t\t<div data-elementor-type=\"wp-post\" data-elementor-id=\"40\" class=\"elementor elementor-40\">\n\t\t\t\t\t\t<section class=\"elementor-section elementor-top-section elementor-element elementor-element-d3322ad elementor-section-boxed elementor-section-height-default elementor-section-height-default\" data-id=\"d3322ad\" data-element_type=\"section\" data-e-type=\"section\">\n\t\t\t\t\t\t<div class=\"elementor-container elementor-column-gap-default\">\n\t\t\t\t\t<div class=\"elementor-column elementor-col-100 elementor-top-column elementor-element elementor-element-0e1afa1\" data-id=\"0e1afa1\" data-element_type=\"column\" data-e-type=\"column\">\n\t\t\t<div class=\"elementor-widget-wrap elementor-element-populated\">\n\t\t\t\t\t\t\t<\/div>\n\t\t<\/div>\n\t\t\t\t\t<\/div>\n\t\t<\/section>\n\t\t\t\t<section class=\"elementor-section elementor-top-section elementor-element elementor-element-b3f00b3 elementor-section-boxed elementor-section-height-default elementor-section-height-default\" data-id=\"b3f00b3\" data-element_type=\"section\" data-e-type=\"section\">\n\t\t\t\t\t\t<div class=\"elementor-container elementor-column-gap-default\">\n\t\t\t\t\t<div class=\"elementor-column elementor-col-100 elementor-top-column elementor-element elementor-element-90631c4\" data-id=\"90631c4\" data-element_type=\"column\" data-e-type=\"column\">\n\t\t\t<div class=\"elementor-widget-wrap elementor-element-populated\">\n\t\t\t\t\t\t<div class=\"elementor-element elementor-element-461ad8c elementor-widget elementor-widget-text-editor\" data-id=\"461ad8c\" data-element_type=\"widget\" data-e-type=\"widget\" data-widget_type=\"text-editor.default\">\n\t\t\t\t<div class=\"elementor-widget-container\">\n\t\t\t\t\t\t\t\t\t<p>Le informamos que esta p\u00e1gina web utiliza cookies para analizar la navegaci\u00f3n de usuarios. Estos archivos se instalan en el equipo desde el que accedes a este sitio web con las finalidades que se describen en esta p\u00e1gina.<\/p><p><b>\u00bfQu\u00e9 son las cookies?<\/b><\/p><p>Una cookie es un fichero que se descarga en su ordenador al acceder a determinadas p\u00e1ginas web. Las cookies permiten a una p\u00e1gina web, entre otras cosas, almacenar y recuperar informaci\u00f3n sobre h\u00e1bitos de navegaci\u00f3n de un usuario o de su equipo y, dependiendo de la informaci\u00f3n que contengan y de la forma que utilice su equipo, pueden utilizarse para reconocer al usuario. Solamente el equipo que la instal\u00f3 podr\u00e1 leer su contenido, que, por otra parte, ser\u00e1 an\u00f3nimo.<\/p><p>Aunque se instalen en tu disco duro, al ser s\u00f3lo texto o n\u00fameros, no son capaces por s\u00ed mismas de acceder a informaci\u00f3n personal de tu ordenador, ni de trasmitir virus, tan solo rastrean la navegaci\u00f3n sobre un sitio web.<\/p><p><b>\u00bfPara qu\u00e9 utiliza las cookies esta p\u00e1gina web y cu\u00e1les son?<\/b><\/p><p>Esta p\u00e1gina web utiliza las cookies para una serie de finalidades, incluidas:<\/p><p><b>An\u00e1lisis<\/b>: son aquellas cookies que bien, tratadas por nosotros o por terceros, nos permiten cuantificar el n\u00famero de usuarios y as\u00ed realizar la medici\u00f3n y an\u00e1lisis estad\u00edstico de la utilizaci\u00f3n que hacen los usuarios del servicio. Para ello se analiza su navegaci\u00f3n en nuestra p\u00e1gina web con el fin de mejorar la experiencia del usuario.<\/p><p><b>[Otras finalidades]<\/b><\/p><p>El detalle de las cookies utilizadas en esta p\u00e1gina web es el siguiente:<\/p><table><tbody><tr><td><b>Cookie<\/b><\/td><td><b>Nombre<\/b><\/td><td><b>Tipo<\/b><\/td><td><b>Prop\u00f3sito<\/b><\/td><\/tr><tr><td>Google Analytics<\/td><td>__utma<p>__utmb<\/p><p>__utmc<\/p><p>__utmz<\/p><\/td><td>De terceros<\/td><td>Recoger informaci\u00f3n sobre la navegaci\u00f3n de los usuarios por el sitio con el fin de conocer el origen de las visitas y otros datos similares a nivel estad\u00edstico. No obtiene datos de los nombres o apellidos de los usuarios ni de la direcci\u00f3n postal concreta desde donde se conectan.<\/td><\/tr><tr><td>Facebook<\/td><td>IP_datr, reg_fb_gate y reg_fb_refJAR<\/td><td>De terceros<\/td><td>Autenticaci\u00f3n, seguridad e integridad de los sitios web y pruductos, publicidad, estad\u00edsticas y medici\u00f3n; Funciones y servicios para sitios web, rendimiento y an\u00e1lisis y estudio.<\/td><\/tr><tr><td>Twitter<\/td><td>guest_id, __utma, __utmb, __utmc, __utmz, original_referer y _twitter_sess<\/td><td>De terceros<\/td><td>Autenticaci\u00f3n y seguridad, preferencias, estad\u00edsticas e investigaci\u00f3n, contenido personalizado, publicidad y personalizaci\u00f3n en todos los dispositivos.<\/td><\/tr><tr><td>Zopim<\/td><td>__cfduid, __hstc, __utma, __utmv, __zlcmid, \u00a0__zlcprivacy,_biz_flagsA, _biz_nA, _biz_pendingA, _biz_uid, _ga,_gac_UA-4089380-13, _hp2_id.3223618355,_hp2_id.3951895701,ajs_anonymous_id, ajs_group_id, ajs_user_id, cookie_utm_first_touch,<p>cp_zopim_visited, hubspotutk, km_ai, optimizelySegments,<\/p><p>optimizelyEndUserId<\/p><p>optimizelyBuckets,<\/p><p>km_uq,<\/p><p>km_lv,zCampaign<\/p><\/td><td>De terceros<\/td><td>Recoger informaci\u00f3n sobre la navegaci\u00f3n de los usuarios por el sitio con el fin de conocer el origen de las visitas y otros datos similares a nivel estad\u00edstico. Autenticaci\u00f3n, seguridad, notificaci\u00f3n, preferencias, optimizaci\u00f3, campa\u00f1as<\/td><\/tr><tr><td>Google<\/td><td>CONSENT<\/td><td>De terceros<\/td><td>Es uno de los plugins de notificaci\u00f3n de cookies m\u00e1s sencillos y populares. Ha sido activamente desarrollado y apoyado desde 2012 y tiene m\u00e1s de 100 comentarios de 5 estrellas.<\/td><\/tr><tr><td>\u00a0Google<\/td><td>\u00a0NID<\/td><td>De terceros<\/td><td>Cookies para mejorar su experiencia de uso.<\/td><\/tr><tr><td>\u00a0Google<\/td><td>\u00a0OGPC<\/td><td>De terceros<\/td><td>Estas cookies son utilizadas por Google para almacenar las preferencias del usuario y la informaci\u00f3n durante la visualizaci\u00f3n de las p\u00e1ginas con los mapas de Google.<\/td><\/tr><tr><td>\u00a0Google<\/td><td>\u00a0IP_JAR<\/td><td>De terceros<\/td><td>Contiene un ID \u00fanico que Google utiliza para recordar tus preferencias y otra informaci\u00f3n<\/td><\/tr><tr><td>\u00a0<\/td><td>\u00a0<\/td><td>\u00a0<\/td><td>\u00a0<\/td><\/tr><tr><td>\u00a0<\/td><td>\u00a0<\/td><td>\u00a0<\/td><td>\u00a0<\/td><\/tr><tr><td>doscar.com<\/td><td>\u00a0cookie_legal_https%3A%2F%2F<a href=\"http:\/\/www.doscar.com\/\">www.doscar.com<\/a>, woocommerce_cart_hash, woocommerce_items_in_cart, wp_woocommerce_session_42b647bdaca983fb16df0b4b7034d90a<\/td><td>Propia<\/td><td>Cookies de uso interno necesaria para el funcionamiento de la visualizaci\u00f3n de la pol\u00edtica de cookies de la web. Informaci\u00f3n del carrito. Informaci\u00f3n de la sesi\u00f3n<\/td><\/tr><\/tbody><\/table><p>\u00a0<\/p><p>Nota: Las cookies de tipo \u201cPropias\u201d son utilizadas s\u00f3lo por el propietario de esta web y las cookies \u201cDe terceros\u201d son utilizadas, tambi\u00e9n, por el prestador del servicio que est\u00e1 detallado en el cuadro anterior.<\/p><p><b>M\u00c1S INFORMACI\u00d3N SOBRE LAS COOKIES UTILIZADAS<\/b><\/p><p><b>Cookies de Google Analytics<\/b><\/p><p>Una de las aplicaciones que utilizamos para la personalizaci\u00f3n y an\u00e1lisis es Google Analytics. Se trata de un servicio anal\u00edtico de webs prestado por Google.<\/p><p>A trav\u00e9s de los siguientes enlaces puede ampliar informaci\u00f3n y ver el detalle de las cookies que utiliza Google Analitiycs y su prop\u00f3sito:\u00a0<a href=\"https:\/\/developers.google.com\/analytics\/devguides\/collection\/analyticsjs\/cookie-usage\">https:\/\/developers.google.com\/analytics\/devguides\/collection\/analyticsjs\/cookie-usage<\/a>\u00a0y Centro de privacidad de Google:\u00a0<a href=\"http:\/\/www.google.com\/intl\/es\/policies\/privacy\/\">http:\/\/www.google.com\/intl\/es\/policies\/privacy\/<\/a><\/p><p>Las cookies de personalizaci\u00f3n y an\u00e1lisis son aqu\u00e9llas que nos permiten cuantificar el n\u00famero de usuarios y ver c\u00f3mo se mueven por el sitio web, realizando de esta forma la medici\u00f3n y an\u00e1lisis estad\u00edstico de la utilizaci\u00f3n que hac\u00e9is de nuestra web. La finalidad es poder establecer unas estad\u00edsticas, del todo an\u00f3nimas, que nos permitan mejorar en aquellas \u00e1reas que sean de vuestro inter\u00e9s y modificar aquellas otras que no lo sean tanto.<\/p><p>Los informes que se confeccionan son puramente estad\u00edsticos, careciendo de datos personales que te identifiquen o te hagan identificable.<\/p><p>DOSCAR PROGRAMAS Y SISTEMAS SLU no se hace responsable del uso que pueda realizar Google de la informaci\u00f3n obtenida a trav\u00e9s de las cookies.<\/p><p><b>Cookies de Facebook<\/b><\/p><p>Una de las redes sociales que DOSCAR.ES emplea para compartir contenido es Facebook. En el siguiente enlace podr\u00e1s encontrar la informaci\u00f3n m\u00e1s detallada sobre las cookies que Facebook utiliza:\u00a0<a href=\"https:\/\/www.facebook.com\/policies\/cookies\/\">https:\/\/www.facebook.com\/policies\/cookies\/<\/a><\/p><p>Las cookies nos ayudan a prestar, proteger y mejorar los servicios de Facebook; por ejemplo, nos permiten personalizar el contenido, adaptar los anuncios y medir su rendimiento, as\u00ed como brindar una mayor seguridad. Aunque las\u00a0cookies\u00a0que utilizamos pueden cambiar de vez en cuando al mejorar y actualizar los servicios de Facebook, suelen dividirse en las siguientes categor\u00edas de uso: Autenticaci\u00f3n, Seguridad e integridad de los sitios web y los productos, Publicidad, estad\u00edsticas y medici\u00f3n, Funciones y servicios para sitios web, Rendimiento y An\u00e1lisis y estudios.<\/p><p>DOSCAR PROGRAMAS Y SISTEMAS SLU no se hace responsable del uso que pueda realizar Facebook de la informaci\u00f3n obtenida a trav\u00e9s de las cookies.<\/p><p><b>Cookies de Twitter<\/b><\/p><p>Twitter es otra red social que tuidentidad.net emplea a la hora de compartir contenido. En este link encontrar\u00e1s toda la informaci\u00f3n acerca de las cookies que Twitter emplea:\u00a0<a href=\"https:\/\/support.twitter.com\/articles\/20170521\">https:\/\/support.twitter.com\/articles\/20170521<\/a><\/p><p>Twitter usa cookies y otras tecnolog\u00edas similares, como p\u00edxeles o almacenamiento local, para brindarle una experiencia mejor, m\u00e1s r\u00e1pida y m\u00e1s segura. Estas son algunas de las maneras en que los servicios de Twitter (que incluyen nuestro conjunto de p\u00e1ginas web, SMS, API, notificaciones de correo electr\u00f3nico, aplicaciones, botones, herramientas y anuncios) usan estas tecnolog\u00edas: para iniciar sesi\u00f3n en Twitter, guardar sus preferencias, personalizar el contenido que ve, protegerlo contra spam y abuso, y mostrarle anuncios que sean m\u00e1s \u00fatiles para usted.<\/p><p>DOSCAR PROGRAMAS Y SISTEMAS SLU no se hace responsable del uso que pueda realizar Facebook de la informaci\u00f3n obtenida a trav\u00e9s de las cookies.<\/p><p>\u00a0<\/p><p><b>\u00bfC\u00f3mo puedo desactivar o eliminar estas cookies?<\/b><\/p><p>Puede usted permitir, bloquear o eliminar las cookies instaladas en su equipo mediante la configuraci\u00f3n de las opciones del navegador instalado en su ordenador.<\/p><p><b>Firefox<\/b>:\u00a0<a href=\"http:\/\/support.mozilla.org\/es\/kb\/habilitar-y-deshabilitar-cookies-que-los-sitios-we\">http:\/\/support.mozilla.org\/es\/kb\/habilitar-y-deshabilitar-cookies-que-los-sitios-we<\/a><\/p><p><b>Chrome<\/b>:\u00a0<a href=\"http:\/\/support.google.com\/chrome\/bin\/answer.py?hl=es&amp;answer=95647\">http:\/\/support.google.com\/chrome\/bin\/answer.py?hl=es&amp;answer=95647<\/a><\/p><p><b>Explorer<\/b>:\u00a0<a href=\"http:\/\/windows.microsoft.com\/es-es\/windows7\/how-to-manage-cookies-in-internet-explorer-9\">http:\/\/windows.microsoft.com\/es-es\/windows7\/how-to-manage-cookies-in-internet-explorer-9<\/a><\/p><p><b>Safari<\/b>:\u00a0<a href=\"http:\/\/support.apple.com\/kb\/ph5042\">http:\/\/support.apple.com\/kb\/ph5042<\/a><\/p><p><b>Opera<\/b>:\u00a0<a href=\"http:\/\/help.opera.com\/Windows\/11.50\/es-ES\/cookies.html\">http:\/\/help.opera.com\/Windows\/11.50\/es-ES\/cookies.html<\/a><\/p><p><b>Otros navegadores<\/b>: consulte la documentaci\u00f3n del navegador que tenga instalado.<\/p><p><b>\u00a0<\/b><\/p><p><b>ACTUALIZACIONES Y CAMBIOS EN LA POL\u00cdTICA DE PRIVACIDAD<\/b><\/p><p>El propietario de este sitio web puede modificar esta Pol\u00edtica de Cookies en funci\u00f3n de exigencias legislativas, reglamentarias, o con la finalidad de adaptar dicha pol\u00edtica a las instrucciones dictadas por la Agencia Espa\u00f1ola de Protecci\u00f3n de Datos, por ello se aconseja a los Usuarios que la visiten peri\u00f3dicamente.<\/p>\t\t\t\t\t\t\t\t<\/div>\n\t\t\t\t<\/div>\n\t\t\t\t\t<\/div>\n\t\t<\/div>\n\t\t\t\t\t<\/div>\n\t\t<\/section>\n\t\t\t\t<\/div>\n\t\t","protected":false},"excerpt":{"rendered":"<p>Le informamos que esta p\u00e1gina web utiliza cookies para analizar la navegaci\u00f3n de usuarios. Estos archivos se instalan en el equipo desde el que accedes a este sitio web con las finalidades que se describen en esta p\u00e1gina. \u00bfQu\u00e9 son las cookies? Una cookie es un fichero que se descarga en su ordenador al acceder &hellip; <a href=\"https:\/\/programabarrestaurante.com\/?page_id=40\" class=\"more-link\">Seguir leyendo <span class=\"screen-reader-text\">Pol\u00edtica de cookies<\/span> <span class=\"meta-nav\">&rarr;<\/span><\/a><\/p>\n","protected":false},"author":2,"featured_media":0,"parent":0,"menu_order":800,"comment_status":"closed","ping_status":"closed","template":"","meta":{"footnotes":""},"class_list":["post-40","page","type-page","status-publish","hentry"],"_links":{"self":[{"href":"https:\/\/programabarrestaurante.com\/index.php?rest_route=\/wp\/v2\/pages\/40","targetHints":{"allow":["GET"]}}],"collection":[{"href":"https:\/\/programabarrestaurante.com\/index.php?rest_route=\/wp\/v2\/pages"}],"about":[{"href":"https:\/\/programabarrestaurante.com\/index.php?rest_route=\/wp\/v2\/types\/page"}],"author":[{"embeddable":true,"href":"https:\/\/programabarrestaurante.com\/index.php?rest_route=\/wp\/v2\/users\/2"}],"replies":[{"embeddable":true,"href":"https:\/\/programabarrestaurante.com\/index.php?rest_route=%2Fwp%2Fv2%2Fcomments&post=40"}],"version-history":[{"count":3,"href":"https:\/\/programabarrestaurante.com\/index.php?rest_route=\/wp\/v2\/pages\/40\/revisions"}],"predecessor-version":[{"id":43,"href":"https:\/\/programabarrestaurante.com\/index.php?rest_route=\/wp\/v2\/pages\/40\/revisions\/43"}],"wp:attachment":[{"href":"https:\/\/programabarrestaurante.com\/index.php?rest_route=%2Fwp%2Fv2%2Fmedia&parent=40"}],"curies":[{"name":"wp","href":"https:\/\/api.w.org\/{rel}","templated":true}]}}